{"id":734,"date":"2018-07-26T10:49:22","date_gmt":"2018-07-26T13:49:22","guid":{"rendered":"https:\/\/iespuertotirol-cha.infd.edu.ar\/sitio\/?page_id=734"},"modified":"2020-03-26T22:41:21","modified_gmt":"2020-03-27T01:41:21","slug":"plan-de-estudio","status":"publish","type":"page","link":"https:\/\/iespuertotirol-cha.infd.edu.ar\/sitio\/catalogo\/plan-de-estudio\/","title":{"rendered":"Planes de estudios"},"content":{"rendered":"<h2>Profesorado para la Educaci\u00f3n Secundaria en Geograf\u00eda<\/h2>\n<ul>\n<li><a href=\"https:\/\/iespuertotirol-cha.infd.edu.ar\/sitio\/wp-content\/uploads\/2020\/03\/RESOLUCION-07609-14.pdf\">RESOLUCION-07609-1<\/a><\/li>\n<\/ul>\n<h4><\/h4>\n<h2>Profesorado para la Educaci\u00f3n Secundaria en Historia<\/h2>\n<ul>\n<li>\u00a0<a style=\"font-family: inherit; font-size: inherit;\" href=\"https:\/\/iespuertotirol-cha.infd.edu.ar\/sitio\/wp-content\/uploads\/2020\/03\/RESOLUCION-07605-14.pdf\">RESOLUCION-07605-14<\/a><\/li>\n<\/ul>\n<h2><\/h2>\n<h2>Profesorado para la Educaci\u00f3n Secundaria en Ingl\u00e9s<\/h2>\n<ul>\n<li><a href=\"https:\/\/iespuertotirol-cha.infd.edu.ar\/sitio\/wp-content\/uploads\/2020\/03\/RESOLUCION-07618-14.pdf\">RESOLUCION-07618-14<\/a><\/li>\n<\/ul>\n<h2><\/h2>\n<h2>Profesorado para la Educaci\u00f3n Secundaria en Portugu\u00e9s<\/h2>\n<ul>\n<li><a href=\"https:\/\/iespuertotirol-cha.infd.edu.ar\/sitio\/wp-content\/uploads\/2020\/03\/RESOLUCION-07597-14.pdf\">RESOLUCION-07597 14<\/a><\/li>\n<\/ul>\n<h2><\/h2>\n<h2>Profesorado para la Educaci\u00f3n Inicial<\/h2>\n<ul>\n<li><a href=\"https:\/\/iespuertotirol-cha.infd.edu.ar\/sitio\/wp-content\/uploads\/2020\/03\/RESOLUCION-07595-14.pdf\">RESOLUCION-07595-14<\/a><\/li>\n<\/ul>\n<h2><\/h2>\n<h2>Tecnicatura Sup. en Seg. Higiene y Medio Ambiente en el Trabajo<\/h2>\n<ul>\n<li><a href=\"https:\/\/iespuertotirol-cha.infd.edu.ar\/sitio\/wp-content\/uploads\/2020\/03\/RESOLUCI\u00d3N-04062-14.pdf\">RESOLUCI\u00d3N-04062-14<\/a><\/li>\n<\/ul>\n","protected":false},"excerpt":{"rendered":"<p>Profesorado para la Educaci\u00f3n Secundaria en Geograf\u00eda RESOLUCION-07609-1 Profesorado para la Educaci\u00f3n Secundaria en Historia \u00a0RESOLUCION-07605-14 Profesorado para la Educaci\u00f3n Secundaria en Ingl\u00e9s RESOLUCION-07618-14 Profesorado para la Educaci\u00f3n Secundaria en Portugu\u00e9s RESOLUCION-07597 14 Profesorado para la Educaci\u00f3n Inicial RESOLUCION-07595-14 Tecnicatura Sup. en Seg. Higiene y Medio Ambiente en el Trabajo RESOLUCI\u00d3N-04062-14<\/p>\n","protected":false},"author":6,"featured_media":0,"parent":644,"menu_order":0,"comment_status":"closed","ping_status":"closed","template":"","meta":[],"acf":[],"_links":{"self":[{"href":"https:\/\/iespuertotirol-cha.infd.edu.ar\/sitio\/wp-json\/wp\/v2\/pages\/734"}],"collection":[{"href":"https:\/\/iespuertotirol-cha.infd.edu.ar\/sitio\/wp-json\/wp\/v2\/pages"}],"about":[{"href":"https:\/\/iespuertotirol-cha.infd.edu.ar\/sitio\/wp-json\/wp\/v2\/types\/page"}],"author":[{"embeddable":true,"href":"https:\/\/iespuertotirol-cha.infd.edu.ar\/sitio\/wp-json\/wp\/v2\/users\/6"}],"replies":[{"embeddable":true,"href":"https:\/\/iespuertotirol-cha.infd.edu.ar\/sitio\/wp-json\/wp\/v2\/comments?post=734"}],"version-history":[{"count":11,"href":"https:\/\/iespuertotirol-cha.infd.edu.ar\/sitio\/wp-json\/wp\/v2\/pages\/734\/revisions"}],"predecessor-version":[{"id":812,"href":"https:\/\/iespuertotirol-cha.infd.edu.ar\/sitio\/wp-json\/wp\/v2\/pages\/734\/revisions\/812"}],"up":[{"embeddable":true,"href":"https:\/\/iespuertotirol-cha.infd.edu.ar\/sitio\/wp-json\/wp\/v2\/pages\/644"}],"wp:attachment":[{"href":"https:\/\/iespuertotirol-cha.infd.edu.ar\/sitio\/wp-json\/wp\/v2\/media?parent=734"}],"curies":[{"name":"wp","href":"https:\/\/api.w.org\/{rel}","templated":true}]}}